{"id":6611,"date":"2022-04-21T14:53:47","date_gmt":"2022-04-21T12:53:47","guid":{"rendered":"https:\/\/fdfm.ch\/sur-les-traces-de-la-tete-de-moine\/"},"modified":"2022-05-17T09:46:34","modified_gmt":"2022-05-17T07:46:34","slug":"sur-les-traces-de-la-tete-de-moine","status":"publish","type":"page","link":"https:\/\/fdfm.ch\/de\/sur-les-traces-de-la-tete-de-moine\/","title":{"rendered":"Auf den Spuren der T\u00eate de Moine"},"content":{"rendered":"\t\t<div data-elementor-type=\"wp-page\" data-elementor-id=\"6611\" class=\"elementor elementor-6611 elementor-5859\">\n\t\t\t\t\t\t<section class=\"elementor-section elementor-top-section elementor-element elementor-element-0ac5f88 elementor-section-content-top elementor-section-boxed elementor-section-height-default elementor-section-height-default\" data-id=\"0ac5f88\" data-element_type=\"section\" data-settings=\"{&quot;background_background&quot;:&quot;classic&quot;}\">\n\t\t\t\t\t\t<div class=\"elementor-container elementor-column-gap-wide\">\n\t\t\t\t\t<div class=\"elementor-column elementor-col-50 elementor-top-column elementor-element elementor-element-696824b\" data-id=\"696824b\" data-element_type=\"column\">\n\t\t\t<div class=\"elementor-widget-wrap elementor-element-populated\">\n\t\t\t\t\t\t<div class=\"elementor-element elementor-element-a50f02c elementor-widget elementor-widget-image\" data-id=\"a50f02c\" data-element_type=\"widget\" data-widget_type=\"image.default\">\n\t\t\t\t<div class=\"elementor-widget-container\">\n\t\t\t<style>\/*! elementor - v3.19.0 - 28-02-2024 *\/\n.elementor-widget-image{text-align:center}.elementor-widget-image a{display:inline-block}.elementor-widget-image a img[src$=\".svg\"]{width:48px}.elementor-widget-image img{vertical-align:middle;display:inline-block}<\/style>\t\t\t\t\t\t\t\t\t\t<img fetchpriority=\"high\" decoding=\"async\" width=\"860\" height=\"495\" src=\"https:\/\/fdfm.ch\/wp-content\/uploads\/2022\/04\/Billet-combine-Maison-TDM-FDFM.jpg\" class=\"attachment-full size-full wp-image-6560\" alt=\"\" srcset=\"https:\/\/fdfm.ch\/wp-content\/uploads\/2022\/04\/Billet-combine-Maison-TDM-FDFM.jpg 860w, https:\/\/fdfm.ch\/wp-content\/uploads\/2022\/04\/Billet-combine-Maison-TDM-FDFM-600x345.jpg 600w, https:\/\/fdfm.ch\/wp-content\/uploads\/2022\/04\/Billet-combine-Maison-TDM-FDFM-300x173.jpg 300w, https:\/\/fdfm.ch\/wp-content\/uploads\/2022\/04\/Billet-combine-Maison-TDM-FDFM-768x442.jpg 768w, https:\/\/fdfm.ch\/wp-content\/uploads\/2022\/04\/Billet-combine-Maison-TDM-FDFM-429x247.jpg 429w\" sizes=\"(max-width: 860px) 100vw, 860px\" \/>\t\t\t\t\t\t\t\t\t\t\t\t\t<\/div>\n\t\t\t\t<\/div>\n\t\t\t\t\t<\/div>\n\t\t<\/div>\n\t\t\t\t<div class=\"elementor-column elementor-col-50 elementor-top-column elementor-element elementor-element-4a58a47\" data-id=\"4a58a47\" data-element_type=\"column\">\n\t\t\t<div class=\"elementor-widget-wrap elementor-element-populated\">\n\t\t\t\t\t\t<div class=\"elementor-element elementor-element-efec7bf elementor-widget elementor-widget-heading\" data-id=\"efec7bf\" data-element_type=\"widget\" data-widget_type=\"heading.default\">\n\t\t\t\t<div class=\"elementor-widget-container\">\n\t\t\t<style>\/*! elementor - v3.19.0 - 28-02-2024 *\/\n.elementor-heading-title{padding:0;margin:0;line-height:1}.elementor-widget-heading .elementor-heading-title[class*=elementor-size-]>a{color:inherit;font-size:inherit;line-height:inherit}.elementor-widget-heading .elementor-heading-title.elementor-size-small{font-size:15px}.elementor-widget-heading .elementor-heading-title.elementor-size-medium{font-size:19px}.elementor-widget-heading .elementor-heading-title.elementor-size-large{font-size:29px}.elementor-widget-heading .elementor-heading-title.elementor-size-xl{font-size:39px}.elementor-widget-heading .elementor-heading-title.elementor-size-xxl{font-size:59px}<\/style><h4 class=\"elementor-heading-title elementor-size-default\">Eine traditionsreiche K\u00e4serei<\/h4>\t\t<\/div>\n\t\t\t\t<\/div>\n\t\t\t\t<div class=\"elementor-element elementor-element-1078c99 elementor-widget-mobile__width-inherit elementor-widget elementor-widget-heading\" data-id=\"1078c99\" data-element_type=\"widget\" data-widget_type=\"heading.default\">\n\t\t\t\t<div class=\"elementor-widget-container\">\n\t\t\t<h2 class=\"elementor-heading-title elementor-size-large\">Profitieren Sie vom neuen Kombi-Ticket f\u00fcr Ihren Besuch bei der Maison de la T\u00eate de Moine in Bellelay und der Fromagerie des Franches-Montagnes in Le Noirmont!<\/h2>\t\t<\/div>\n\t\t\t\t<\/div>\n\t\t\t\t<div class=\"elementor-element elementor-element-167d1a2 elementor-widget-divider--view-line_icon elementor-widget-divider--element-align-right elementor-view-default elementor-widget elementor-widget-divider\" data-id=\"167d1a2\" data-element_type=\"widget\" data-widget_type=\"divider.default\">\n\t\t\t\t<div class=\"elementor-widget-container\">\n\t\t\t<style>\/*! elementor - v3.19.0 - 28-02-2024 *\/\n.elementor-widget-divider{--divider-border-style:none;--divider-border-width:1px;--divider-color:#0c0d0e;--divider-icon-size:20px;--divider-element-spacing:10px;--divider-pattern-height:24px;--divider-pattern-size:20px;--divider-pattern-url:none;--divider-pattern-repeat:repeat-x}.elementor-widget-divider .elementor-divider{display:flex}.elementor-widget-divider .elementor-divider__text{font-size:15px;line-height:1;max-width:95%}.elementor-widget-divider .elementor-divider__element{margin:0 var(--divider-element-spacing);flex-shrink:0}.elementor-widget-divider .elementor-icon{font-size:var(--divider-icon-size)}.elementor-widget-divider .elementor-divider-separator{display:flex;margin:0;direction:ltr}.elementor-widget-divider--view-line_icon .elementor-divider-separator,.elementor-widget-divider--view-line_text .elementor-divider-separator{align-items:center}.elementor-widget-divider--view-line_icon .elementor-divider-separator:after,.elementor-widget-divider--view-line_icon .elementor-divider-separator:before,.elementor-widget-divider--view-line_text .elementor-divider-separator:after,.elementor-widget-divider--view-line_text .elementor-divider-separator:before{display:block;content:\"\";border-block-end:0;flex-grow:1;border-block-start:var(--divider-border-width) var(--divider-border-style) var(--divider-color)}.elementor-widget-divider--element-align-left .elementor-divider .elementor-divider-separator>.elementor-divider__svg:first-of-type{flex-grow:0;flex-shrink:100}.elementor-widget-divider--element-align-left .elementor-divider-separator:before{content:none}.elementor-widget-divider--element-align-left .elementor-divider__element{margin-left:0}.elementor-widget-divider--element-align-right .elementor-divider .elementor-divider-separator>.elementor-divider__svg:last-of-type{flex-grow:0;flex-shrink:100}.elementor-widget-divider--element-align-right .elementor-divider-separator:after{content:none}.elementor-widget-divider--element-align-right .elementor-divider__element{margin-right:0}.elementor-widget-divider--element-align-start .elementor-divider .elementor-divider-separator>.elementor-divider__svg:first-of-type{flex-grow:0;flex-shrink:100}.elementor-widget-divider--element-align-start .elementor-divider-separator:before{content:none}.elementor-widget-divider--element-align-start .elementor-divider__element{margin-inline-start:0}.elementor-widget-divider--element-align-end .elementor-divider .elementor-divider-separator>.elementor-divider__svg:last-of-type{flex-grow:0;flex-shrink:100}.elementor-widget-divider--element-align-end .elementor-divider-separator:after{content:none}.elementor-widget-divider--element-align-end .elementor-divider__element{margin-inline-end:0}.elementor-widget-divider:not(.elementor-widget-divider--view-line_text):not(.elementor-widget-divider--view-line_icon) .elementor-divider-separator{border-block-start:var(--divider-border-width) var(--divider-border-style) var(--divider-color)}.elementor-widget-divider--separator-type-pattern{--divider-border-style:none}.elementor-widget-divider--separator-type-pattern.elementor-widget-divider--view-line .elementor-divider-separator,.elementor-widget-divider--separator-type-pattern:not(.elementor-widget-divider--view-line) .elementor-divider-separator:after,.elementor-widget-divider--separator-type-pattern:not(.elementor-widget-divider--view-line) .elementor-divider-separator:before,.elementor-widget-divider--separator-type-pattern:not([class*=elementor-widget-divider--view]) .elementor-divider-separator{width:100%;min-height:var(--divider-pattern-height);-webkit-mask-size:var(--divider-pattern-size) 100%;mask-size:var(--divider-pattern-size) 100%;-webkit-mask-repeat:var(--divider-pattern-repeat);mask-repeat:var(--divider-pattern-repeat);background-color:var(--divider-color);-webkit-mask-image:var(--divider-pattern-url);mask-image:var(--divider-pattern-url)}.elementor-widget-divider--no-spacing{--divider-pattern-size:auto}.elementor-widget-divider--bg-round{--divider-pattern-repeat:round}.rtl .elementor-widget-divider .elementor-divider__text{direction:rtl}.e-con-inner>.elementor-widget-divider,.e-con>.elementor-widget-divider{width:var(--container-widget-width,100%);--flex-grow:var(--container-widget-flex-grow)}<\/style>\t\t<div class=\"elementor-divider\">\n\t\t\t<span class=\"elementor-divider-separator\">\n\t\t\t\t\t\t\t<div class=\"elementor-icon elementor-divider__element\">\n\t\t\t\t\t<i aria-hidden=\"true\" class=\"fas fa-square-full\"><\/i><\/div>\n\t\t\t\t\t\t<\/span>\n\t\t<\/div>\n\t\t\t\t<\/div>\n\t\t\t\t<\/div>\n\t\t\t\t<div class=\"elementor-element elementor-element-1acdcb4 elementor-widget elementor-widget-text-editor\" data-id=\"1acdcb4\" data-element_type=\"widget\" data-widget_type=\"text-editor.default\">\n\t\t\t\t<div class=\"elementor-widget-container\">\n\t\t\t<style>\/*! elementor - v3.19.0 - 28-02-2024 *\/\n.elementor-widget-text-editor.elementor-drop-cap-view-stacked .elementor-drop-cap{background-color:#69727d;color:#fff}.elementor-widget-text-editor.elementor-drop-cap-view-framed .elementor-drop-cap{color:#69727d;border:3px solid;background-color:transparent}.elementor-widget-text-editor:not(.elementor-drop-cap-view-default) .elementor-drop-cap{margin-top:8px}.elementor-widget-text-editor:not(.elementor-drop-cap-view-default) .elementor-drop-cap-letter{width:1em;height:1em}.elementor-widget-text-editor .elementor-drop-cap{float:left;text-align:center;line-height:1;font-size:50px}.elementor-widget-text-editor .elementor-drop-cap-letter{display:inline-block}<\/style>\t\t\t\t<p>In Bellelay erleben Sie eine Reise in die traditionelle Herstellung der jurassischen Spezialit\u00e4t, der T\u00eate de Moine AOP. In historischen Gem\u00e4uern k\u00f6nnen Sie die K\u00e4seproduktion \u00fcber offenem Holzfeuer beobachten und erfahren mehr \u00fcber das mehr als achthundertj\u00e4hrige Fachwissen in der Herstellung der T\u00eate de Moine AOP. Bis Ende Oktober k\u00f6nnen Sie in Bellelay zudem riesige Heuskulpturen bestaunen.<\/p><p>\u00a0<\/p><p>In Le Noirmont erleben Sie die heutige Milch- und K\u00e4seproduktion. Interaktive Spiele und spannende Geschichten warten auf Sie, z.B. zur Entstehung der Girolle\u00ae oder zur auf der Welt einzigartigen Sammlung von Milchs\u00e4urebakterien, einem sorgf\u00e4ltig konservierten Schweizer Kulturgut.<\/p>\t\t\t\t\t\t<\/div>\n\t\t\t\t<\/div>\n\t\t\t\t\t<\/div>\n\t\t<\/div>\n\t\t\t\t\t<\/div>\n\t\t<\/section>\n\t\t\t\t<section class=\"elementor-section elementor-top-section elementor-element elementor-element-7b64155d elementor-section-boxed elementor-section-height-default elementor-section-height-default\" data-id=\"7b64155d\" data-element_type=\"section\" data-settings=\"{&quot;background_background&quot;:&quot;classic&quot;}\">\n\t\t\t\t\t\t<div class=\"elementor-container elementor-column-gap-wide\">\n\t\t\t\t\t<div class=\"elementor-column elementor-col-50 elementor-top-column elementor-element elementor-element-2f578e82\" data-id=\"2f578e82\" data-element_type=\"column\">\n\t\t\t<div class=\"elementor-widget-wrap elementor-element-populated\">\n\t\t\t\t\t\t<div class=\"elementor-element elementor-element-ad3e6ba elementor-widget elementor-widget-image\" data-id=\"ad3e6ba\" data-element_type=\"widget\" data-widget_type=\"image.default\">\n\t\t\t\t<div class=\"elementor-widget-container\">\n\t\t\t\t\t\t\t\t\t\t\t\t\t<img decoding=\"async\" width=\"64\" height=\"64\" src=\"https:\/\/fdfm.ch\/wp-content\/uploads\/2022\/04\/cutlery.png\" class=\"attachment-large size-large wp-image-6558\" alt=\"\" \/>\t\t\t\t\t\t\t\t\t\t\t\t\t<\/div>\n\t\t\t\t<\/div>\n\t\t\t\t<div class=\"elementor-element elementor-element-ba1cb01 elementor-widget elementor-widget-text-editor\" data-id=\"ba1cb01\" data-element_type=\"widget\" data-widget_type=\"text-editor.default\">\n\t\t\t\t<div class=\"elementor-widget-container\">\n\t\t\t\t\t\t\t<h5><strong>Kulinarisches Angebot<\/strong><\/h5><p>\u00a0<\/p><p>An beiden Standorten ist die K\u00e4sedegustation im Preis inbegriffen und ein Verkaufsladen mit vielen Regionalprodukten freut sich auf Ihren Besuch.<\/p><p>Die Maison de la T\u00eate de Moine beherbergt ein gem\u00fctliches Caf\u00e9, in Le Noirmont k\u00f6nnen Sie einen k\u00e4sigen Snack als Take-Away, zum Beispiel auf dem Picknickplatz vor der K\u00e4serei, geniessen.<\/p>\t\t\t\t\t\t<\/div>\n\t\t\t\t<\/div>\n\t\t\t\t\t<\/div>\n\t\t<\/div>\n\t\t\t\t<div class=\"elementor-column elementor-col-50 elementor-top-column elementor-element elementor-element-54ce531\" data-id=\"54ce531\" data-element_type=\"column\">\n\t\t\t<div class=\"elementor-widget-wrap elementor-element-populated\">\n\t\t\t\t\t\t<div class=\"elementor-element elementor-element-008b7a6 elementor-widget elementor-widget-image\" data-id=\"008b7a6\" data-element_type=\"widget\" data-widget_type=\"image.default\">\n\t\t\t\t<div class=\"elementor-widget-container\">\n\t\t\t\t\t\t\t\t\t\t\t\t\t<img decoding=\"async\" width=\"128\" height=\"128\" src=\"https:\/\/fdfm.ch\/wp-content\/uploads\/2022\/04\/ticket.png\" class=\"attachment-large size-large wp-image-6557\" alt=\"\" srcset=\"https:\/\/fdfm.ch\/wp-content\/uploads\/2022\/04\/ticket.png 128w, https:\/\/fdfm.ch\/wp-content\/uploads\/2022\/04\/ticket-100x100.png 100w, https:\/\/fdfm.ch\/wp-content\/uploads\/2022\/04\/ticket-90x90.png 90w\" sizes=\"(max-width: 128px) 100vw, 128px\" \/>\t\t\t\t\t\t\t\t\t\t\t\t\t<\/div>\n\t\t\t\t<\/div>\n\t\t\t\t<div class=\"elementor-element elementor-element-0d41120 elementor-widget elementor-widget-text-editor\" data-id=\"0d41120\" data-element_type=\"widget\" data-widget_type=\"text-editor.default\">\n\t\t\t\t<div class=\"elementor-widget-container\">\n\t\t\t\t\t\t\t<h5><strong>Preis des Kombi-Tickets<\/strong><\/h5><p>\u00a0<\/p><p>Erwachsene: Fr. 10.-<br \/>AHV\/Studenten: Fr. 8.-<\/p><p>\u00a0<\/p><p>Informieren Sie unser Personal vor Ort beim Kauf des Eintrittstickets, dass Sie ein Kombi-Ticket w\u00fcnschen.<\/p>\t\t\t\t\t\t<\/div>\n\t\t\t\t<\/div>\n\t\t\t\t\t<\/div>\n\t\t<\/div>\n\t\t\t\t\t<\/div>\n\t\t<\/section>\n\t\t\t\t<\/div>\n\t\t","protected":false},"excerpt":{"rendered":"<div class=\"tmnf_excerpt\"><p>Eine traditionsreiche K\u00e4serei Profitieren Sie vom neuen Kombi-Ticket f\u00fcr Ihren Besuch bei der Maison de la T\u00eate de Moine in Bellelay und der Fromagerie des Franches-Montagnes in Le Noirmont! In Bellelay erleben Sie eine Reise in die traditionelle Herstellung der jurassischen Spezialit\u00e4t, der T\u00eate de Moine AOP. In historischen Gem\u00e4uern k\u00f6nnen Sie die K\u00e4seproduktion \u00fcber &hellip;<\/p>\n<\/div>","protected":false},"author":1,"featured_media":0,"parent":0,"menu_order":0,"comment_status":"closed","ping_status":"closed","template":"template-fullwidth-alt.php","meta":{"_acf_changed":false,"footnotes":""},"class_list":["post-6611","page","type-page","status-publish","hentry"],"acf":[],"_links":{"self":[{"href":"https:\/\/fdfm.ch\/de\/wp-json\/wp\/v2\/pages\/6611","targetHints":{"allow":["GET"]}}],"collection":[{"href":"https:\/\/fdfm.ch\/de\/wp-json\/wp\/v2\/pages"}],"about":[{"href":"https:\/\/fdfm.ch\/de\/wp-json\/wp\/v2\/types\/page"}],"author":[{"embeddable":true,"href":"https:\/\/fdfm.ch\/de\/wp-json\/wp\/v2\/users\/1"}],"replies":[{"embeddable":true,"href":"https:\/\/fdfm.ch\/de\/wp-json\/wp\/v2\/comments?post=6611"}],"version-history":[{"count":4,"href":"https:\/\/fdfm.ch\/de\/wp-json\/wp\/v2\/pages\/6611\/revisions"}],"predecessor-version":[{"id":6636,"href":"https:\/\/fdfm.ch\/de\/wp-json\/wp\/v2\/pages\/6611\/revisions\/6636"}],"wp:attachment":[{"href":"https:\/\/fdfm.ch\/de\/wp-json\/wp\/v2\/media?parent=6611"}],"curies":[{"name":"wp","href":"https:\/\/api.w.org\/{rel}","templated":true}]}}